{"id":15,"date":"2016-09-05T20:01:09","date_gmt":"2016-09-05T20:01:09","guid":{"rendered":"http:\/\/demos.famethemes.com\/screenr\/?page_id=15"},"modified":"2018-09-25T13:26:34","modified_gmt":"2018-09-25T13:26:34","slug":"olta-balik-avi-turu","status":"publish","type":"page","link":"http:\/\/www.poyrazkaptan.com\/?page_id=15","title":{"rendered":"OLTA BALIK AVI TURU"},"content":{"rendered":"<p>\u2022 Poyraz Kaptan teknesi ekim ay\u0131ndan itibaren 20 ki\u015filik gruplar halinde olta bal\u0131k av\u0131 turlar\u0131 ile en \u00f6zel bal\u0131k meralar\u0131nda hizmet vermektedir.<\/p>\n<p>\u2022 Turlar\u0131m\u0131z sabah 06:00-18:00 aras\u0131nda yap\u0131lmaktad\u0131r, teknemizde t\u00fcm teknolojik altyap\u0131 ve g\u00fcvenlik gere\u00e7leri (bal\u0131k bulucu radar, gps cihazlar\u0131) bulunmaktad\u0131r.<\/p>\n<p>\u2022 Misafirlerimize bal\u0131k meralar\u0131, bal\u0131k t\u00fcrleri oltaya en \u00e7ok gelen bal\u0131klar hakk\u0131nda (\u00a0lidaki, \u00e7upra mercan, karag\u00f6z, m\u0131rm\u0131r, d\u00fclger, istavrit, uskumru, gopez, ahtapot ve kalamar) k\u0131saca bilgi anlat\u0131m\u0131n\u0131n ard\u0131ndan doyas\u0131ya bal\u0131k tutma zevkini ya\u015fayabilirsiniz.<\/p>\n<p>\u2022 \u00d6\u011fle yeme\u011fi men\u00fcs\u00fcnde g\u00fcnl\u00fck taze bal\u0131k ve makarnam\u0131z e\u015fli\u011finde mevsim salatam\u0131z bulunmakta.<\/p>\n<p>\u2022 Ekipman olarak tavsiyelerimiz, 30-35-40 silikon misina, 75-100-125 gr kur\u015fun, 4-5-6 numara i\u011fne, 1.20-1.50 aras\u0131 kam\u0131\u015flar uygundur. Yem olarak s\u00fcl\u00fcnes, mamun ve borukurdu temin edebilirsiniz.<\/p>\n<p>Ayr\u0131ca y\u00fczmeyi seven misafirlerimizde hava ko\u015fullar\u0131n\u0131n uygun olmas\u0131 durumunda diledi\u011fince denize girebilir.<\/p>\n<p>Bir ba\u015fka g\u00fcne\u015fli g\u00fcnde tekrar Poyraz Kaptan gezi turlar\u0131nda bulu\u015fmak dile\u011fiyle.<\/p>\n<p>&nbsp;<\/p>\n<div class=\"gdgallery-gallery-container\" id=\"gdgallery-container-2\" data-id=\"2\">\n    \n<div id=\"gdgallery_container_2\" style=\"display:none;\" data-view=\"justified\">\n            <a href=\"\" target=\"_blank\">\n            <img decoding=\"async\" alt=\"\"\n                 data-type=\"image\"\n                 src=\"http:\/\/www.poyrazkaptan.com\/wp-content\/uploads\/2018\/11\/44913643_361515974583645_7687161161057304576_n.jpg\"\n                 data-image=\"http:\/\/www.poyrazkaptan.com\/wp-content\/uploads\/2018\/11\/44913643_361515974583645_7687161161057304576_n.jpg\"\n                 data-description=\"\"\n                                 style=\"display:block\">\n        <\/a>\n            <a href=\"\" target=\"_blank\">\n            <img decoding=\"async\" alt=\"\"\n                 data-type=\"image\"\n                 src=\"http:\/\/www.poyrazkaptan.com\/wp-content\/uploads\/2018\/11\/44929028_361515934583649_565047160182145024_n.jpg\"\n                 data-image=\"http:\/\/www.poyrazkaptan.com\/wp-content\/uploads\/2018\/11\/44929028_361515934583649_565047160182145024_n.jpg\"\n                 data-description=\"\"\n                                 style=\"display:block\">\n        <\/a>\n            <a href=\"\" target=\"_blank\">\n            <img decoding=\"async\" alt=\"\"\n                 data-type=\"image\"\n                 src=\"http:\/\/www.poyrazkaptan.com\/wp-content\/uploads\/2018\/11\/44944737_361515514583691_8535873825760346112_n.jpg\"\n                 data-image=\"http:\/\/www.poyrazkaptan.com\/wp-content\/uploads\/2018\/11\/44944737_361515514583691_8535873825760346112_n.jpg\"\n                 data-description=\"\"\n                                 style=\"display:block\">\n        <\/a>\n            <a href=\"\" target=\"_blank\">\n            <img decoding=\"async\" alt=\"\"\n                 data-type=\"image\"\n                 src=\"http:\/\/www.poyrazkaptan.com\/wp-content\/uploads\/2018\/11\/44946003_361515577917018_4088897436607578112_n.jpg\"\n                 data-image=\"http:\/\/www.poyrazkaptan.com\/wp-content\/uploads\/2018\/11\/44946003_361515577917018_4088897436607578112_n.jpg\"\n                 data-description=\"\"\n                                 style=\"display:block\">\n        <\/a>\n            <a href=\"\" target=\"_blank\">\n            <img decoding=\"async\" alt=\"\"\n                 data-type=\"image\"\n                 src=\"http:\/\/www.poyrazkaptan.com\/wp-content\/uploads\/2018\/11\/44981035_361515617917014_8997916589168787456_n.jpg\"\n                 data-image=\"http:\/\/www.poyrazkaptan.com\/wp-content\/uploads\/2018\/11\/44981035_361515617917014_8997916589168787456_n.jpg\"\n                 data-description=\"\"\n                                 style=\"display:block\">\n        <\/a>\n            <a href=\"\" target=\"_blank\">\n            <img decoding=\"async\" alt=\"\"\n                 data-type=\"image\"\n                 src=\"http:\/\/www.poyrazkaptan.com\/wp-content\/uploads\/2018\/11\/44985092_361516324583610_3952709680123346944_n.jpg\"\n                 data-image=\"http:\/\/www.poyrazkaptan.com\/wp-content\/uploads\/2018\/11\/44985092_361516324583610_3952709680123346944_n.jpg\"\n                 data-description=\"\"\n                                 style=\"display:block\">\n        <\/a>\n            <a href=\"\" target=\"_blank\">\n            <img decoding=\"async\" alt=\"\"\n                 data-type=\"image\"\n                 src=\"http:\/\/www.poyrazkaptan.com\/wp-content\/uploads\/2018\/11\/45026398_361515661250343_4601389525824962560_n.jpg\"\n                 data-image=\"http:\/\/www.poyrazkaptan.com\/wp-content\/uploads\/2018\/11\/45026398_361515661250343_4601389525824962560_n.jpg\"\n                 data-description=\"\"\n                                 style=\"display:block\">\n        <\/a>\n            <a href=\"\" target=\"_blank\">\n            <img decoding=\"async\" alt=\"\"\n                 data-type=\"image\"\n                 src=\"http:\/\/www.poyrazkaptan.com\/wp-content\/uploads\/2018\/11\/45049780_361515547917021_833340311030726656_n.jpg\"\n                 data-image=\"http:\/\/www.poyrazkaptan.com\/wp-content\/uploads\/2018\/11\/45049780_361515547917021_833340311030726656_n.jpg\"\n                 data-description=\"\"\n                                 style=\"display:block\">\n        <\/a>\n            <a href=\"\" target=\"_blank\">\n            <img decoding=\"async\" alt=\"\"\n                 data-type=\"image\"\n                 src=\"http:\/\/www.poyrazkaptan.com\/wp-content\/uploads\/2018\/11\/45071917_361515761250333_5080047357333078016_n.jpg\"\n                 data-image=\"http:\/\/www.poyrazkaptan.com\/wp-content\/uploads\/2018\/11\/45071917_361515761250333_5080047357333078016_n.jpg\"\n                 data-description=\"\"\n                                 style=\"display:block\">\n        <\/a>\n            <a href=\"\" target=\"_blank\">\n            <img decoding=\"async\" alt=\"\"\n                 data-type=\"image\"\n                 src=\"http:\/\/www.poyrazkaptan.com\/wp-content\/uploads\/2018\/09\/hh7.jpg\"\n                 data-image=\"http:\/\/www.poyrazkaptan.com\/wp-content\/uploads\/2018\/09\/hh7.jpg\"\n                 data-description=\"\"\n                                 style=\"display:block\">\n        <\/a>\n            <a href=\"\" target=\"_blank\">\n            <img decoding=\"async\" alt=\"\"\n                 data-type=\"image\"\n                 src=\"http:\/\/www.poyrazkaptan.com\/wp-content\/uploads\/2018\/09\/hh4.jpg\"\n                 data-image=\"http:\/\/www.poyrazkaptan.com\/wp-content\/uploads\/2018\/09\/hh4.jpg\"\n                 data-description=\"\"\n                                 style=\"display:block\">\n        <\/a>\n            <a href=\"\" target=\"_blank\">\n            <img decoding=\"async\" alt=\"\"\n                 data-type=\"image\"\n                 src=\"http:\/\/www.poyrazkaptan.com\/wp-content\/uploads\/2018\/09\/hh9.jpg\"\n                 data-image=\"http:\/\/www.poyrazkaptan.com\/wp-content\/uploads\/2018\/09\/hh9.jpg\"\n                 data-description=\"\"\n                                 style=\"display:block\">\n        <\/a>\n            <a href=\"\" target=\"_blank\">\n            <img decoding=\"async\" alt=\"\"\n                 data-type=\"image\"\n                 src=\"http:\/\/www.poyrazkaptan.com\/wp-content\/uploads\/2018\/09\/hh10.jpg\"\n                 data-image=\"http:\/\/www.poyrazkaptan.com\/wp-content\/uploads\/2018\/09\/hh10.jpg\"\n                 data-description=\"\"\n                                 style=\"display:block\">\n        <\/a>\n            <a href=\"\" target=\"_blank\">\n            <img decoding=\"async\" alt=\"\"\n                 data-type=\"image\"\n                 src=\"http:\/\/www.poyrazkaptan.com\/wp-content\/uploads\/2018\/09\/hh5.jpg\"\n                 data-image=\"http:\/\/www.poyrazkaptan.com\/wp-content\/uploads\/2018\/09\/hh5.jpg\"\n                 data-description=\"\"\n                                 style=\"display:block\">\n        <\/a>\n            <a href=\"\" target=\"_blank\">\n            <img decoding=\"async\" alt=\"\"\n                 data-type=\"image\"\n                 src=\"http:\/\/www.poyrazkaptan.com\/wp-content\/uploads\/2018\/09\/hh1.jpg\"\n                 data-image=\"http:\/\/www.poyrazkaptan.com\/wp-content\/uploads\/2018\/09\/hh1.jpg\"\n                 data-description=\"\"\n                                 style=\"display:block\">\n        <\/a>\n            <a href=\"\" target=\"_blank\">\n            <img decoding=\"async\" alt=\"\"\n                 data-type=\"image\"\n                 src=\"http:\/\/www.poyrazkaptan.com\/wp-content\/uploads\/2018\/09\/hh2.jpg\"\n                 data-image=\"http:\/\/www.poyrazkaptan.com\/wp-content\/uploads\/2018\/09\/hh2.jpg\"\n                 data-description=\"\"\n                                 style=\"display:block\">\n        <\/a>\n            <a href=\"\" target=\"_blank\">\n            <img decoding=\"async\" alt=\"\"\n                 data-type=\"image\"\n                 src=\"http:\/\/www.poyrazkaptan.com\/wp-content\/uploads\/2018\/09\/hh8.jpg\"\n                 data-image=\"http:\/\/www.poyrazkaptan.com\/wp-content\/uploads\/2018\/09\/hh8.jpg\"\n                 data-description=\"\"\n                                 style=\"display:block\">\n        <\/a>\n    <\/div>\n\n\n\n<script type=\"text\/javascript\">\n    jQuery(document).ready(function () {\n        var container = jQuery(\"#gdgallery_container_2\");\n        container.unitegallery({\"gallery_theme\":\"justified\",\"tiles_type\":\"justified\",\"tiles_justified_space_between\":10,\"tile_enable_textpanel\":true,\"tile_textpanel_always_on\":true,\"tile_textpanel_title_text_align\":\"center\",\"tile_textpanel_title_font_size\":\"16\",\"tile_textpanel_title_color\":\"#FFFFFF\",\"tile_textpanel_bg_color\":\"#333333\",\"tile_textpanel_bg_opacity\":0.6999999999999999555910790149937383830547332763671875,\"tile_enable_border\":true,\"tile_border_width\":\"0\",\"tile_border_color\":\"#333333\",\"tile_border_radius\":\"0\",\"tile_enable_overlay\":true,\"tile_enable_image_effect\":true,\"tile_image_effect_type\":\"blur\",\"tile_image_effect_reverse\":true,\"tile_enable_shadow\":false,\"tile_as_link\":false,\"tile_enable_icons\":true,\"tile_show_link_icon\":true,\"tile_textpanel_appear_type\":\"slide\",\"tile_textpanel_position\":\"inside_bottom\",\"tile_link_newpage\":true,\"lightbox_type\":\"wide\",\"lightbox_arrows_offset\":0,\"lightbox_overlay_color\":\"#000000\",\"lightbox_overlay_opacity\":1,\"lightbox_top_panel_opacity\":1,\"lightbox_show_numbers\":true,\"lightbox_numbers_size\":\"15\",\"lightbox_numbers_color\":\"#FFFFFF\",\"lightbox_slider_image_border_width\":\"0\",\"lightbox_slider_image_border_color\":\"#FFFFFF\",\"lightbox_slider_image_border_radius\":0,\"lightbox_slider_image_shadow\":true,\"lightbox_slider_control_swipe\":true,\"lightbox_slider_control_zoom\":true,\"lightbox_slider_image_border\":true,\"lightbox_show_textpanel\":true,\"lightbox_textpanel_enable_title\":true,\"lightbox_textpanel_enable_description\":false,\"lightbox_textpanel_padding_top\":5,\"lightbox_textpanel_padding_bottom\":5,\"lightbox_textpanel_padding_right\":5,\"lightbox_textpanel_padding_left\":5,\"lightbox_textpanel_title_color\":\"#FFFFFF\",\"lightbox_textpanel_title_text_align\":\"center\",\"lightbox_textpanel_title_font_size\":\"16\",\"lightbox_textpanel_desc_color\":\"#FFFFFF\",\"lightbox_textpanel_desc_text_align\":\"center\",\"lightbox_textpanel_desc_font_size\":\"14\"});\n    });\n<\/script><style>\n#gdgallery-container-2 {\n   text-align: center}\n\n.gdgallery-pagination-2{\ntext-align: center !important;\n}\n\n.gdgallery-pagination-2 a{\n    font-size: 15px !important;\n    padding: 8px 13px !important;\n    margin: 3px !important;\n    border: 1px solid #333333 !important;\n    border-radius: 0px !important;\n    color: #333333 !important;\n    background-color: #FFFFFF !important;\n    font-family: monospace !important;\n}\n\n.gdgallery-pagination-2 a:hover, .gdgallery-pagination-2 a.gdgallery-pagination-icon-active{\n    color: #FFFFFF !important;\n    background-color: #333333 !important;\n    border-color: #333333 !important;\n}\n\n#gdgallery-container-2 .gdgallery_load_more_space{\n    margin-top: 20px !important;\n    text-align: center !important;\n}\n\n#gdgallery-container-2 .gdgallery_load_more_space button{\n                      padding: 8px 13px !important;\n    font-size: 15px !important;\n    background-color: #333333 !important;\n    color: #FFFFFF !important;\n    border:1px solid #333333 !important;\n                      border-radius: 0px !important;\n                      font-family: monospace !important;\n                  }\n#gdgallery-container-2 .gdgallery_load_more_space button:hover{\n                      background-color: #FFFFFF !important;\n                      color: #333333 !important;\n                      border-color: #333333 !important;\n                  }\n\n#gdgallery-container-2 .gdgallery_load_more_space button,\n#gdgallery-container-2 .gdgallery_load_more_space button:hover,\n#gdgallery-container-2 .gdgallery_load_more_space button:active,\n#gdgallery-container-2 .gdgallery_load_more_space button:focus{\n    outline: none !important;\n}\n\n\n#gdgallery-container-2 .gdgallery_loading li{\n                      border: 3px solid #333333 !important;\n                  }\n\n.ug-lightbox .ug-lightbox-top-panel-overlay{\n    background-color: #000000 !important;\n}\n\n\n                  #gdgallery_container_1{}\n<\/style>\n\n\n\n<\/div>\n\n\n\n\n\n\n<p>&nbsp;<\/p>\n<p><img loading=\"lazy\" decoding=\"async\" class=\"aligncenter wp-image-1421 size-full\" src=\"http:\/\/www.poyrazkaptan.com\/wp-content\/uploads\/2018\/09\/2.gif\" alt=\"\" width=\"1280\" height=\"720\" \/><\/p>\n<p><img loading=\"lazy\" decoding=\"async\" class=\"aligncenter wp-image-1418 size-full\" src=\"http:\/\/www.poyrazkaptan.com\/wp-content\/uploads\/2018\/09\/qq.jpg\" alt=\"\" width=\"1000\" height=\"1488\" srcset=\"http:\/\/www.poyrazkaptan.com\/wp-content\/uploads\/2018\/09\/qq.jpg 1000w, http:\/\/www.poyrazkaptan.com\/wp-content\/uploads\/2018\/09\/qq-202x300.jpg 202w, http:\/\/www.poyrazkaptan.com\/wp-content\/uploads\/2018\/09\/qq-768x1143.jpg 768w, http:\/\/www.poyrazkaptan.com\/wp-content\/uploads\/2018\/09\/qq-688x1024.jpg 688w\" sizes=\"auto, (max-width: 1000px) 100vw, 1000px\" \/><\/p>\n","protected":false},"excerpt":{"rendered":"<p>Ekim ay\u0131ndan itibaren ister amat\u00f6r, ister profesyonel do\u011fal ve zevkli bir m\u00fccadeleye haz\u0131rm\u0131s\u0131n\u0131z?<\/p>\n","protected":false},"author":1,"featured_media":1311,"parent":0,"menu_order":0,"comment_status":"closed","ping_status":"closed","template":"","meta":{"footnotes":""},"class_list":["post-15","page","type-page","status-publish","has-post-thumbnail","hentry"],"jetpack_sharing_enabled":true,"_links":{"self":[{"href":"http:\/\/www.poyrazkaptan.com\/index.php?rest_route=\/wp\/v2\/pages\/15","targetHints":{"allow":["GET"]}}],"collection":[{"href":"http:\/\/www.poyrazkaptan.com\/index.php?rest_route=\/wp\/v2\/pages"}],"about":[{"href":"http:\/\/www.poyrazkaptan.com\/index.php?rest_route=\/wp\/v2\/types\/page"}],"author":[{"embeddable":true,"href":"http:\/\/www.poyrazkaptan.com\/index.php?rest_route=\/wp\/v2\/users\/1"}],"replies":[{"embeddable":true,"href":"http:\/\/www.poyrazkaptan.com\/index.php?rest_route=%2Fwp%2Fv2%2Fcomments&post=15"}],"version-history":[{"count":11,"href":"http:\/\/www.poyrazkaptan.com\/index.php?rest_route=\/wp\/v2\/pages\/15\/revisions"}],"predecessor-version":[{"id":1422,"href":"http:\/\/www.poyrazkaptan.com\/index.php?rest_route=\/wp\/v2\/pages\/15\/revisions\/1422"}],"wp:featuredmedia":[{"embeddable":true,"href":"http:\/\/www.poyrazkaptan.com\/index.php?rest_route=\/wp\/v2\/media\/1311"}],"wp:attachment":[{"href":"http:\/\/www.poyrazkaptan.com\/index.php?rest_route=%2Fwp%2Fv2%2Fmedia&parent=15"}],"curies":[{"name":"wp","href":"https:\/\/api.w.org\/{rel}","templated":true}]}}