{"id":14,"date":"2016-09-05T20:00:36","date_gmt":"2016-09-05T20:00:36","guid":{"rendered":"http:\/\/demos.famethemes.com\/screenr\/?page_id=14"},"modified":"2018-09-25T09:24:24","modified_gmt":"2018-09-25T09:24:24","slug":"size-ozel-tekne-turu","status":"publish","type":"page","link":"http:\/\/www.poyrazkaptan.com\/?page_id=14","title":{"rendered":"S\u0130ZE \u00d6ZEL TEKNE TURU"},"content":{"rendered":"<p>Ni\u015fan, d\u00fc\u011f\u00fcn kutlamas\u0131, evlenme teklifi, nikah sonras\u0131 yemek ve e\u011flence davetleri ile akl\u0131n\u0131za gelen her t\u00fcrl\u00fc etkinlik i\u00e7in \u00f6zel tekne turlar\u0131 hizmeti sunmaktay\u0131z.<\/p>\n<p>\u00d6zel gezi turlar\u0131m\u0131z ile ister iki ki\u015fi isterseniz kalabal\u0131k gruplar\u0131n\u0131z i\u00e7in kahvalt\u0131, yemek ve kokteyl men\u00fcleri olu\u015fturup ihtiya\u00e7lar\u0131n\u0131za uygun organizasyonlar ile \u00e7e\u015fitli se\u00e7enekler sunuyoruz.<\/p>\n<p>Yemekli veya yemeksiz yap\u0131lan gezilerimizde a\u00e7\u0131k havan\u0131n, bulutlar\u0131n, dalgalar\u0131n e\u015fli\u011finde yap\u0131lan bu tip organizasyonlar olduk\u00e7a renkli ve keyifli ge\u00e7imektedir.<\/p>\n<p>Etkinliklerinizde tekne s\u00fcslemesi, canl\u0131 fas\u0131l, havai fi\u015fek g\u00f6sterisi, profesyonel foto\u011fraf ve video \u00e7ekim hizmetleri dahil edebilmektedir, arzu eden ki\u015filer bunlar\u0131 kendileri de organize edebilirler.<\/p>\n<div class=\"gdgallery-gallery-container\" id=\"gdgallery-container-3\" data-id=\"3\">\n    \n<div id=\"gdgallery_container_3\" style=\"display:none;\" data-view=\"justified\">\n            <a href=\"\" target=\"_blank\">\n            <img decoding=\"async\" alt=\"\"\n                 data-type=\"image\"\n                 src=\"http:\/\/www.poyrazkaptan.com\/wp-content\/uploads\/2018\/09\/Screen-Shot-2018-09-24-at-18.36.26.png\"\n                 data-image=\"http:\/\/www.poyrazkaptan.com\/wp-content\/uploads\/2018\/09\/Screen-Shot-2018-09-24-at-18.36.26.png\"\n                 data-description=\"\"\n                                 style=\"display:block\">\n        <\/a>\n            <a href=\"\" target=\"_blank\">\n            <img decoding=\"async\" alt=\"\"\n                 data-type=\"image\"\n                 src=\"http:\/\/www.poyrazkaptan.com\/wp-content\/uploads\/2018\/09\/Screen-Shot-2018-09-24-at-18.36.37.png\"\n                 data-image=\"http:\/\/www.poyrazkaptan.com\/wp-content\/uploads\/2018\/09\/Screen-Shot-2018-09-24-at-18.36.37.png\"\n                 data-description=\"\"\n                                 style=\"display:block\">\n        <\/a>\n            <a href=\"\" target=\"_blank\">\n            <img decoding=\"async\" alt=\"\"\n                 data-type=\"image\"\n                 src=\"http:\/\/www.poyrazkaptan.com\/wp-content\/uploads\/2018\/09\/Screen-Shot-2018-09-24-at-18.36.49.png\"\n                 data-image=\"http:\/\/www.poyrazkaptan.com\/wp-content\/uploads\/2018\/09\/Screen-Shot-2018-09-24-at-18.36.49.png\"\n                 data-description=\"\"\n                                 style=\"display:block\">\n        <\/a>\n            <a href=\"\" target=\"_blank\">\n            <img decoding=\"async\" alt=\"\"\n                 data-type=\"image\"\n                 src=\"http:\/\/www.poyrazkaptan.com\/wp-content\/uploads\/2018\/09\/Screen-Shot-2018-09-24-at-18.36.52.png\"\n                 data-image=\"http:\/\/www.poyrazkaptan.com\/wp-content\/uploads\/2018\/09\/Screen-Shot-2018-09-24-at-18.36.52.png\"\n                 data-description=\"\"\n                                 style=\"display:block\">\n        <\/a>\n            <a href=\"\" target=\"_blank\">\n            <img decoding=\"async\" alt=\"\"\n                 data-type=\"image\"\n                 src=\"http:\/\/www.poyrazkaptan.com\/wp-content\/uploads\/2018\/09\/Screen-Shot-2018-09-24-at-18.37.09.png\"\n                 data-image=\"http:\/\/www.poyrazkaptan.com\/wp-content\/uploads\/2018\/09\/Screen-Shot-2018-09-24-at-18.37.09.png\"\n                 data-description=\"\"\n                                 style=\"display:block\">\n        <\/a>\n            <a href=\"\" target=\"_blank\">\n            <img decoding=\"async\" alt=\"\"\n                 data-type=\"image\"\n                 src=\"http:\/\/www.poyrazkaptan.com\/wp-content\/uploads\/2018\/09\/Screen-Shot-2018-09-24-at-18.37.13.png\"\n                 data-image=\"http:\/\/www.poyrazkaptan.com\/wp-content\/uploads\/2018\/09\/Screen-Shot-2018-09-24-at-18.37.13.png\"\n                 data-description=\"\"\n                                 style=\"display:block\">\n        <\/a>\n            <a href=\"\" target=\"_blank\">\n            <img decoding=\"async\" alt=\"\"\n                 data-type=\"image\"\n                 src=\"http:\/\/www.poyrazkaptan.com\/wp-content\/uploads\/2018\/09\/Screen-Shot-2018-09-24-at-18.37.16.png\"\n                 data-image=\"http:\/\/www.poyrazkaptan.com\/wp-content\/uploads\/2018\/09\/Screen-Shot-2018-09-24-at-18.37.16.png\"\n                 data-description=\"\"\n                                 style=\"display:block\">\n        <\/a>\n            <a href=\"\" target=\"_blank\">\n            <img decoding=\"async\" alt=\"\"\n                 data-type=\"image\"\n                 src=\"http:\/\/www.poyrazkaptan.com\/wp-content\/uploads\/2018\/09\/Screen-Shot-2018-09-24-at-18.37.20.png\"\n                 data-image=\"http:\/\/www.poyrazkaptan.com\/wp-content\/uploads\/2018\/09\/Screen-Shot-2018-09-24-at-18.37.20.png\"\n                 data-description=\"\"\n                                 style=\"display:block\">\n        <\/a>\n            <a href=\"\" target=\"_blank\">\n            <img decoding=\"async\" alt=\"\"\n                 data-type=\"image\"\n                 src=\"http:\/\/www.poyrazkaptan.com\/wp-content\/uploads\/2018\/09\/Screen-Shot-2018-09-24-at-18.37.35.png\"\n                 data-image=\"http:\/\/www.poyrazkaptan.com\/wp-content\/uploads\/2018\/09\/Screen-Shot-2018-09-24-at-18.37.35.png\"\n                 data-description=\"\"\n                                 style=\"display:block\">\n        <\/a>\n            <a href=\"\" target=\"_blank\">\n            <img decoding=\"async\" alt=\"\"\n                 data-type=\"image\"\n                 src=\"http:\/\/www.poyrazkaptan.com\/wp-content\/uploads\/2018\/09\/Screen-Shot-2018-09-24-at-18.37.38.png\"\n                 data-image=\"http:\/\/www.poyrazkaptan.com\/wp-content\/uploads\/2018\/09\/Screen-Shot-2018-09-24-at-18.37.38.png\"\n                 data-description=\"\"\n                                 style=\"display:block\">\n        <\/a>\n            <a href=\"\" target=\"_blank\">\n            <img decoding=\"async\" alt=\"\"\n                 data-type=\"image\"\n                 src=\"http:\/\/www.poyrazkaptan.com\/wp-content\/uploads\/2018\/09\/Screen-Shot-2018-09-24-at-18.37.41.png\"\n                 data-image=\"http:\/\/www.poyrazkaptan.com\/wp-content\/uploads\/2018\/09\/Screen-Shot-2018-09-24-at-18.37.41.png\"\n                 data-description=\"\"\n                                 style=\"display:block\">\n        <\/a>\n            <a href=\"\" target=\"_blank\">\n            <img decoding=\"async\" alt=\"\"\n                 data-type=\"image\"\n                 src=\"http:\/\/www.poyrazkaptan.com\/wp-content\/uploads\/2018\/09\/Screen-Shot-2018-09-24-at-18.37.44.png\"\n                 data-image=\"http:\/\/www.poyrazkaptan.com\/wp-content\/uploads\/2018\/09\/Screen-Shot-2018-09-24-at-18.37.44.png\"\n                 data-description=\"\"\n                                 style=\"display:block\">\n        <\/a>\n            <a href=\"\" target=\"_blank\">\n            <img decoding=\"async\" alt=\"\"\n                 data-type=\"image\"\n                 src=\"http:\/\/www.poyrazkaptan.com\/wp-content\/uploads\/2018\/09\/Screen-Shot-2018-09-24-at-18.37.47.png\"\n                 data-image=\"http:\/\/www.poyrazkaptan.com\/wp-content\/uploads\/2018\/09\/Screen-Shot-2018-09-24-at-18.37.47.png\"\n                 data-description=\"\"\n                                 style=\"display:block\">\n        <\/a>\n            <a href=\"\" target=\"_blank\">\n            <img decoding=\"async\" alt=\"\"\n                 data-type=\"image\"\n                 src=\"http:\/\/www.poyrazkaptan.com\/wp-content\/uploads\/2018\/09\/T1.png\"\n                 data-image=\"http:\/\/www.poyrazkaptan.com\/wp-content\/uploads\/2018\/09\/T1.png\"\n                 data-description=\"\"\n                                 style=\"display:block\">\n        <\/a>\n            <a href=\"\" target=\"_blank\">\n            <img decoding=\"async\" alt=\"\"\n                 data-type=\"image\"\n                 src=\"http:\/\/www.poyrazkaptan.com\/wp-content\/uploads\/2018\/09\/T2.png\"\n                 data-image=\"http:\/\/www.poyrazkaptan.com\/wp-content\/uploads\/2018\/09\/T2.png\"\n                 data-description=\"\"\n                                 style=\"display:block\">\n        <\/a>\n            <a href=\"\" target=\"_blank\">\n            <img decoding=\"async\" alt=\"\"\n                 data-type=\"image\"\n                 src=\"http:\/\/www.poyrazkaptan.com\/wp-content\/uploads\/2018\/09\/T3.png\"\n                 data-image=\"http:\/\/www.poyrazkaptan.com\/wp-content\/uploads\/2018\/09\/T3.png\"\n                 data-description=\"\"\n                                 style=\"display:block\">\n        <\/a>\n            <a href=\"\" target=\"_blank\">\n            <img decoding=\"async\" alt=\"\"\n                 data-type=\"image\"\n                 src=\"http:\/\/www.poyrazkaptan.com\/wp-content\/uploads\/2018\/09\/T4.png\"\n                 data-image=\"http:\/\/www.poyrazkaptan.com\/wp-content\/uploads\/2018\/09\/T4.png\"\n                 data-description=\"\"\n                                 style=\"display:block\">\n        <\/a>\n            <a href=\"\" target=\"_blank\">\n            <img decoding=\"async\" alt=\"\"\n                 data-type=\"image\"\n                 src=\"http:\/\/www.poyrazkaptan.com\/wp-content\/uploads\/2018\/09\/T5.png\"\n                 data-image=\"http:\/\/www.poyrazkaptan.com\/wp-content\/uploads\/2018\/09\/T5.png\"\n                 data-description=\"\"\n                                 style=\"display:block\">\n        <\/a>\n            <a href=\"\" target=\"_blank\">\n            <img decoding=\"async\" alt=\"\"\n                 data-type=\"image\"\n                 src=\"http:\/\/www.poyrazkaptan.com\/wp-content\/uploads\/2018\/09\/T6.png\"\n                 data-image=\"http:\/\/www.poyrazkaptan.com\/wp-content\/uploads\/2018\/09\/T6.png\"\n                 data-description=\"\"\n                                 style=\"display:block\">\n        <\/a>\n            <a href=\"\" target=\"_blank\">\n            <img decoding=\"async\" alt=\"\"\n                 data-type=\"image\"\n                 src=\"http:\/\/www.poyrazkaptan.com\/wp-content\/uploads\/2018\/09\/T7.png\"\n                 data-image=\"http:\/\/www.poyrazkaptan.com\/wp-content\/uploads\/2018\/09\/T7.png\"\n                 data-description=\"\"\n                                 style=\"display:block\">\n        <\/a>\n    <\/div>\n\n\n\n<script type=\"text\/javascript\">\n    jQuery(document).ready(function () {\n        var container = jQuery(\"#gdgallery_container_3\");\n        container.unitegallery({\"gallery_theme\":\"justified\",\"tiles_type\":\"justified\",\"tiles_justified_space_between\":10,\"tile_enable_textpanel\":true,\"tile_textpanel_always_on\":true,\"tile_textpanel_title_text_align\":\"center\",\"tile_textpanel_title_font_size\":\"16\",\"tile_textpanel_title_color\":\"#FFFFFF\",\"tile_textpanel_bg_color\":\"#333333\",\"tile_textpanel_bg_opacity\":0.6999999999999999555910790149937383830547332763671875,\"tile_enable_border\":true,\"tile_border_width\":\"0\",\"tile_border_color\":\"#333333\",\"tile_border_radius\":\"0\",\"tile_enable_overlay\":true,\"tile_enable_image_effect\":true,\"tile_image_effect_type\":\"blur\",\"tile_image_effect_reverse\":true,\"tile_enable_shadow\":false,\"tile_as_link\":false,\"tile_enable_icons\":true,\"tile_show_link_icon\":true,\"tile_textpanel_appear_type\":\"slide\",\"tile_textpanel_position\":\"inside_bottom\",\"tile_link_newpage\":true,\"lightbox_type\":\"wide\",\"lightbox_arrows_offset\":0,\"lightbox_overlay_color\":\"#000000\",\"lightbox_overlay_opacity\":1,\"lightbox_top_panel_opacity\":1,\"lightbox_show_numbers\":true,\"lightbox_numbers_size\":\"15\",\"lightbox_numbers_color\":\"#FFFFFF\",\"lightbox_slider_image_border_width\":\"0\",\"lightbox_slider_image_border_color\":\"#FFFFFF\",\"lightbox_slider_image_border_radius\":0,\"lightbox_slider_image_shadow\":true,\"lightbox_slider_control_swipe\":true,\"lightbox_slider_control_zoom\":true,\"lightbox_slider_image_border\":true,\"lightbox_show_textpanel\":true,\"lightbox_textpanel_enable_title\":true,\"lightbox_textpanel_enable_description\":false,\"lightbox_textpanel_padding_top\":5,\"lightbox_textpanel_padding_bottom\":5,\"lightbox_textpanel_padding_right\":5,\"lightbox_textpanel_padding_left\":5,\"lightbox_textpanel_title_color\":\"#FFFFFF\",\"lightbox_textpanel_title_text_align\":\"center\",\"lightbox_textpanel_title_font_size\":\"16\",\"lightbox_textpanel_desc_color\":\"#FFFFFF\",\"lightbox_textpanel_desc_text_align\":\"center\",\"lightbox_textpanel_desc_font_size\":\"14\"});\n    });\n<\/script><style>\n#gdgallery-container-3 {\n   text-align: center}\n\n.gdgallery-pagination-3{\ntext-align: center !important;\n}\n\n.gdgallery-pagination-3 a{\n    font-size: 15px !important;\n    padding: 8px 13px !important;\n    margin: 3px !important;\n    border: 1px solid #333333 !important;\n    border-radius: 0px !important;\n    color: #333333 !important;\n    background-color: #FFFFFF !important;\n    font-family: monospace !important;\n}\n\n.gdgallery-pagination-3 a:hover, .gdgallery-pagination-3 a.gdgallery-pagination-icon-active{\n    color: #FFFFFF !important;\n    background-color: #333333 !important;\n    border-color: #333333 !important;\n}\n\n#gdgallery-container-3 .gdgallery_load_more_space{\n    margin-top: 20px !important;\n    text-align: center !important;\n}\n\n#gdgallery-container-3 .gdgallery_load_more_space button{\n                      padding: 8px 13px !important;\n    font-size: 15px !important;\n    background-color: #333333 !important;\n    color: #FFFFFF !important;\n    border:1px solid #333333 !important;\n                      border-radius: 0px !important;\n                      font-family: monospace !important;\n                  }\n#gdgallery-container-3 .gdgallery_load_more_space button:hover{\n                      background-color: #FFFFFF !important;\n                      color: #333333 !important;\n                      border-color: #333333 !important;\n                  }\n\n#gdgallery-container-3 .gdgallery_load_more_space button,\n#gdgallery-container-3 .gdgallery_load_more_space button:hover,\n#gdgallery-container-3 .gdgallery_load_more_space button:active,\n#gdgallery-container-3 .gdgallery_load_more_space button:focus{\n    outline: none !important;\n}\n\n\n#gdgallery-container-3 .gdgallery_loading li{\n                      border: 3px solid #333333 !important;\n                  }\n\n.ug-lightbox .ug-lightbox-top-panel-overlay{\n    background-color: #000000 !important;\n}\n\n\n                  #gdgallery_container_1{}\n<\/style>\n\n\n\n<\/div>\n\n\n\n\n\n\n","protected":false},"excerpt":{"rendered":"<p>Ni\u015fan, d\u00fc\u011f\u00fcn kutlamas\u0131, evlenme teklifi, nikah sonras\u0131 yemek ve e\u011flence davetleri ile akl\u0131n\u0131za gelen her t\u00fcrl\u00fc etkinlik i\u00e7in \u00f6zel tekne turlar\u0131 hizmeti sunmaktay\u0131z.<\/p>\n","protected":false},"author":1,"featured_media":1314,"parent":0,"menu_order":0,"comment_status":"closed","ping_status":"closed","template":"","meta":{"footnotes":""},"class_list":["post-14","page","type-page","status-publish","has-post-thumbnail","hentry"],"jetpack_sharing_enabled":true,"_links":{"self":[{"href":"http:\/\/www.poyrazkaptan.com\/index.php?rest_route=\/wp\/v2\/pages\/14","targetHints":{"allow":["GET"]}}],"collection":[{"href":"http:\/\/www.poyrazkaptan.com\/index.php?rest_route=\/wp\/v2\/pages"}],"about":[{"href":"http:\/\/www.poyrazkaptan.com\/index.php?rest_route=\/wp\/v2\/types\/page"}],"author":[{"embeddable":true,"href":"http:\/\/www.poyrazkaptan.com\/index.php?rest_route=\/wp\/v2\/users\/1"}],"replies":[{"embeddable":true,"href":"http:\/\/www.poyrazkaptan.com\/index.php?rest_route=%2Fwp%2Fv2%2Fcomments&post=14"}],"version-history":[{"count":7,"href":"http:\/\/www.poyrazkaptan.com\/index.php?rest_route=\/wp\/v2\/pages\/14\/revisions"}],"predecessor-version":[{"id":1398,"href":"http:\/\/www.poyrazkaptan.com\/index.php?rest_route=\/wp\/v2\/pages\/14\/revisions\/1398"}],"wp:featuredmedia":[{"embeddable":true,"href":"http:\/\/www.poyrazkaptan.com\/index.php?rest_route=\/wp\/v2\/media\/1314"}],"wp:attachment":[{"href":"http:\/\/www.poyrazkaptan.com\/index.php?rest_route=%2Fwp%2Fv2%2Fmedia&parent=14"}],"curies":[{"name":"wp","href":"https:\/\/api.w.org\/{rel}","templated":true}]}}